{"id":27249,"date":"2025-04-24T19:28:21","date_gmt":"2025-04-24T19:28:21","guid":{"rendered":"https:\/\/oldrich.ro\/?page_id=27249"},"modified":"2025-04-24T19:28:21","modified_gmt":"2025-04-24T19:28:21","slug":"politica-de-cookie","status":"publish","type":"page","link":"https:\/\/oldrich.ro\/en\/politica-de-cookie\/","title":{"rendered":"Cookie Policy"},"content":{"rendered":"<p>A cookie is a text file containing small pieces of information sent to your browser and stored on your computer, mobile phone, or other device when you visit a website. This cookie file sends information back to the site each time you revisit it.<\/p><p>Cookies can be&nbsp;<strong>persistent<\/strong>&nbsp;(also known as persistent cookies), which remain on your computer until you delete them, or&nbsp;<strong>temporary<\/strong>&nbsp;(session cookies), which are valid only until you close your browser window. Cookies can be first-party, set by the website you are visiting, or third-party, set by a different site than the one you are visiting.<\/p><p>How does&nbsp;<strong>OldRich\u00ae<\/strong>&nbsp;use cookies?<\/p><p>We use cookies to improve the functionality of our websites, to help you navigate more efficiently from one page to another, to remember your preferences, and generally to enhance the user experience. The cookies we use on our websites may fall into the following categories:<\/p><ul class=\"wp-block-list\"><li><strong>Strictly Necessary Cookies:<\/strong><\/li><\/ul><p>These cookies are essential for you to navigate the site and use the services you have requested, such as accessing secure areas of the website.<\/p><p>We use this type of cookies to manage user registration and authentication. Without these cookies, the services you have requested cannot be provided. These cookies are first-party and may be persistent or session-based. In short, our websites will not function properly without these cookies.<\/p><ul class=\"wp-block-list\"><li><strong>Performance Cookies:<\/strong><\/li><\/ul><p>These cookies collect information about how visitors use a website, for example, which pages are visited most often. These cookies do not collect information that identifies individual visitors. All information collected by these cookies is aggregated and anonymous.<\/p><p>We use these cookies to:<\/p><p>generate statistics on how our websites are used<\/p><p>measure the impact of our advertising campaigns.<\/p><p>These cookies can be persistent or session-based, first-party or third-party. In short, these cookies collect anonymous information about the pages visited and the ads viewed.<\/p><ul class=\"wp-block-list\"><li><strong>Functionality Cookies:<\/strong><\/li><\/ul><p>These cookies allow a website to remember choices you make (such as your username, language, or the country you are in) and provide enhanced, more personalized features. They can also be used to deliver services you have requested, such as watching a video or commenting on a blog. The information used by these cookies is anonymized and they cannot track your browsing activity on other sites.<\/p><p>We use these cookies to:<\/p><ul class=\"wp-block-list\"><li>remember whether you have already used a particular service<\/li>\n\n<li>to improve the overall experience across the site by remembering your preferences.<\/li><\/ul><ul class=\"wp-block-list\"><li><strong>Advertising Cookies:<\/strong><\/li><\/ul><p>These cookies are used to limit how often you see an advertisement, as well as to measure the effectiveness of advertising campaigns.<\/p><p>Advertising cookies are used to manage advertising across the entire website.<\/p><p>Advertising cookies are placed by third parties, such as advertising companies and their agencies, and can be persistent or session-based. In short, they are related to the advertising services provided on our site by third parties.<\/p><ul class=\"wp-block-list\"><li><strong>Social Cookies:<\/strong><\/li><\/ul><p>\u2013 These cookies are used by social networks (Facebook, Twitter, Google+, YouTube, Instagram, Pinterest, etc.) and enable the sharing of content from oldrich.ro on those platforms.&nbsp;<strong>OldRich\u00ae<\/strong>.ro does not control these cookies, so for more information about how they work, please visit the social networks\u2019 own pages.<\/p><p>How to Manage &amp; Delete Cookies<\/p><p>If you want to impose restrictions, block, or delete cookies, you can do so by modifying your web browser settings. Using oldrich.ro without rejecting cookies or similar technologies indicates visitors\u2019 consent to our use of such technologies and to the processing of information.<\/p>","protected":false},"excerpt":{"rendered":"<p>Un cookie este un fi\u015fier text care con\u0163ine mici fragmente de informa\u0163ii trimise navigatorului t\u0103u \u015fi memorate \u00een computerul, telefonul<\/p>","protected":false},"author":1,"featured_media":0,"parent":0,"menu_order":0,"comment_status":"closed","ping_status":"closed","template":"","meta":{"footnotes":""},"class_list":["post-27249","page","type-page","status-publish","hentry"],"_links":{"self":[{"href":"https:\/\/oldrich.ro\/en\/wp-json\/wp\/v2\/pages\/27249","targetHints":{"allow":["GET"]}}],"collection":[{"href":"https:\/\/oldrich.ro\/en\/wp-json\/wp\/v2\/pages"}],"about":[{"href":"https:\/\/oldrich.ro\/en\/wp-json\/wp\/v2\/types\/page"}],"author":[{"embeddable":true,"href":"https:\/\/oldrich.ro\/en\/wp-json\/wp\/v2\/users\/1"}],"replies":[{"embeddable":true,"href":"https:\/\/oldrich.ro\/en\/wp-json\/wp\/v2\/comments?post=27249"}],"version-history":[{"count":1,"href":"https:\/\/oldrich.ro\/en\/wp-json\/wp\/v2\/pages\/27249\/revisions"}],"predecessor-version":[{"id":27250,"href":"https:\/\/oldrich.ro\/en\/wp-json\/wp\/v2\/pages\/27249\/revisions\/27250"}],"wp:attachment":[{"href":"https:\/\/oldrich.ro\/en\/wp-json\/wp\/v2\/media?parent=27249"}],"curies":[{"name":"wp","href":"https:\/\/api.w.org\/{rel}","templated":true}]}}